{"id":317,"date":"2015-04-29T09:59:41","date_gmt":"2015-04-29T08:59:41","guid":{"rendered":"https:\/\/wildhaber.com\/?page_id=317"},"modified":"2026-01-17T15:11:24","modified_gmt":"2026-01-17T14:11:24","slug":"datenschutz-2","status":"publish","type":"page","link":"https:\/\/wildhaber.com\/index.php\/services-2\/datenschutz-2\/","title":{"rendered":"Datenschutz"},"content":{"rendered":"<h3>Angebotsportfolio<\/h3>\n<ul>\n<li>Ich betreue und berate sie bei der Umsetzung Ihrer Datenschutz-Themen.<\/li>\n<li>Ich \u00fcbernehme Mandate als Datenschutzbeauftragter.<\/li>\n<li>Ich arbeite mit Datenschutz-Experten in der EU zusammen, wenn es um internationale Sachverhalte geht.<\/li>\n<\/ul>\n<p>Datenschutz ist ein Dauerbrenner-Thema, auch wenn es in den Organisationen meist nur ein stiefm\u00fctterliches Dasein fristet. Datenschutz funktioniert nur dann, wenn die Kombination von Recht, Organisation und Technologie zusammenpasst. Ein ganz wichtiges Element ist dabei die Information Governance. Ohne ausreichende Kenntnisse \u00fcber die Daten im Unternehmen lassen sich weder Sicherheits- noch Datenschutzprobleme l\u00f6sen.<br \/>\nIch versuche, diese Herausforderungen praktisch anzugehen. Wichtig ist der richtige Blick f\u00fcr die Gr\u00f6sse des Kunden und seinen spezifischen Herausforderungen. Auch Datenschutz ist letztendlich nichts anderes als Risikomanagement.<br \/>\nIch habe im Jahr 1993 bei einer Schweizer Privatbank zum ersten Mal Datenschutz eingef\u00fchrt und geschult. Viele Jahre lag das Thema brach, mittlerweile ist es aber fast \u00fcberpr\u00e4sent. Ich war zudem in Schleswig-Holstein als akkreditierter Datenschutz-Gutachter t\u00e4tig und kenne auch die Haltung der Datenschutz-Beh\u00f6rden und worauf sie achten.<\/p>\n","protected":false},"excerpt":{"rendered":"<p>Angebotsportfolio Ich betreue und berate sie bei der Umsetzung Ihrer Datenschutz-Themen. Ich \u00fcbernehme Mandate als Datenschutzbeauftragter. Ich arbeite mit Datenschutz-Experten &hellip; <a href=\"https:\/\/wildhaber.com\/index.php\/services-2\/datenschutz-2\/\" class=\"more-link\"><span class=\"more-button\">Continue reading &gt;<span class=\"screen-reader-text\">Datenschutz<\/span><\/span><\/a><\/p>\n","protected":false},"author":1,"featured_media":994,"parent":298,"menu_order":0,"comment_status":"closed","ping_status":"open","template":"","meta":{"footnotes":""},"class_list":["post-317","page","type-page","status-publish","has-post-thumbnail","hentry"],"_links":{"self":[{"href":"https:\/\/wildhaber.com\/index.php\/wp-json\/wp\/v2\/pages\/317","targetHints":{"allow":["GET"]}}],"collection":[{"href":"https:\/\/wildhaber.com\/index.php\/wp-json\/wp\/v2\/pages"}],"about":[{"href":"https:\/\/wildhaber.com\/index.php\/wp-json\/wp\/v2\/types\/page"}],"author":[{"embeddable":true,"href":"https:\/\/wildhaber.com\/index.php\/wp-json\/wp\/v2\/users\/1"}],"replies":[{"embeddable":true,"href":"https:\/\/wildhaber.com\/index.php\/wp-json\/wp\/v2\/comments?post=317"}],"version-history":[{"count":91,"href":"https:\/\/wildhaber.com\/index.php\/wp-json\/wp\/v2\/pages\/317\/revisions"}],"predecessor-version":[{"id":1488,"href":"https:\/\/wildhaber.com\/index.php\/wp-json\/wp\/v2\/pages\/317\/revisions\/1488"}],"up":[{"embeddable":true,"href":"https:\/\/wildhaber.com\/index.php\/wp-json\/wp\/v2\/pages\/298"}],"wp:featuredmedia":[{"embeddable":true,"href":"https:\/\/wildhaber.com\/index.php\/wp-json\/wp\/v2\/media\/994"}],"wp:attachment":[{"href":"https:\/\/wildhaber.com\/index.php\/wp-json\/wp\/v2\/media?parent=317"}],"curies":[{"name":"wp","href":"https:\/\/api.w.org\/{rel}","templated":true}]}}