{"id":210,"date":"2015-04-06T10:39:06","date_gmt":"2015-04-06T09:39:06","guid":{"rendered":"https:\/\/wildhaber.com\/?page_id=210"},"modified":"2022-08-28T11:58:43","modified_gmt":"2022-08-28T10:58:43","slug":"informationssicherheits-und-risk-management-isms","status":"publish","type":"page","link":"https:\/\/wildhaber.com\/index.php\/services-2\/informationssicherheits-und-risk-management-isms\/","title":{"rendered":"Cyber Security und Risk Management (ISMS)"},"content":{"rendered":"<p>Wollen Sie eine ISMS Organisation aufbauen oder zweifeln Sie an deren Wirksamkeit? Ich habe in den neunziger Jahren die ersten ISMS Organisationen aufgebaut und mitentwickelt. Viele ISMS Organisationen sind zu schwerf\u00e4llig und k\u00f6nnen das Hauptziel, n\u00e4mlich das Sicherheitsniveau in der Organisation zu verbessern, nicht erreichen. Setzt man blindlings auf die etablierten Standards wie ISO 27001\/2, wird der Aufwand den Nutzen\u00a0 weit \u00fcbersteigen. Ich versuche, mit den Stakeholder diejenige ISMS Organisation zu erarbeiten, welche ihr Unternehmen wirklich braucht.<\/p>\n<p>Selbstverst\u00e4ndlich bereite ich Sie auch gerne auf die Zertifizierung basierend auf ISO 27001 vor.<\/p>\n","protected":false},"excerpt":{"rendered":"<p>Wollen Sie eine ISMS Organisation aufbauen oder zweifeln Sie an deren Wirksamkeit? Ich habe in den neunziger Jahren die ersten &hellip; <a href=\"https:\/\/wildhaber.com\/index.php\/services-2\/informationssicherheits-und-risk-management-isms\/\" class=\"more-link\"><span class=\"more-button\">Continue reading &gt;<span class=\"screen-reader-text\">Cyber Security und Risk Management (ISMS)<\/span><\/span><\/a><\/p>\n","protected":false},"author":1,"featured_media":461,"parent":298,"menu_order":0,"comment_status":"closed","ping_status":"open","template":"","meta":{"footnotes":""},"class_list":["post-210","page","type-page","status-publish","has-post-thumbnail","hentry"],"_links":{"self":[{"href":"https:\/\/wildhaber.com\/index.php\/wp-json\/wp\/v2\/pages\/210","targetHints":{"allow":["GET"]}}],"collection":[{"href":"https:\/\/wildhaber.com\/index.php\/wp-json\/wp\/v2\/pages"}],"about":[{"href":"https:\/\/wildhaber.com\/index.php\/wp-json\/wp\/v2\/types\/page"}],"author":[{"embeddable":true,"href":"https:\/\/wildhaber.com\/index.php\/wp-json\/wp\/v2\/users\/1"}],"replies":[{"embeddable":true,"href":"https:\/\/wildhaber.com\/index.php\/wp-json\/wp\/v2\/comments?post=210"}],"version-history":[{"count":10,"href":"https:\/\/wildhaber.com\/index.php\/wp-json\/wp\/v2\/pages\/210\/revisions"}],"predecessor-version":[{"id":1211,"href":"https:\/\/wildhaber.com\/index.php\/wp-json\/wp\/v2\/pages\/210\/revisions\/1211"}],"up":[{"embeddable":true,"href":"https:\/\/wildhaber.com\/index.php\/wp-json\/wp\/v2\/pages\/298"}],"wp:featuredmedia":[{"embeddable":true,"href":"https:\/\/wildhaber.com\/index.php\/wp-json\/wp\/v2\/media\/461"}],"wp:attachment":[{"href":"https:\/\/wildhaber.com\/index.php\/wp-json\/wp\/v2\/media?parent=210"}],"curies":[{"name":"wp","href":"https:\/\/api.w.org\/{rel}","templated":true}]}}