{"id":197,"date":"2015-04-06T09:52:25","date_gmt":"2015-04-06T08:52:25","guid":{"rendered":"https:\/\/wildhaber.com\/?page_id=197"},"modified":"2026-01-17T15:12:18","modified_gmt":"2026-01-17T14:12:18","slug":"197-2","status":"publish","type":"page","link":"https:\/\/wildhaber.com\/index.php\/services-2\/197-2\/","title":{"rendered":"Vortr\u00e4ge und Pr\u00e4sentationen"},"content":{"rendered":"<div class=\"art-postcontent\">\n<div class=\"art-article\">\n<p>Ich halte seit 30 Jahren Vortr\u00e4ge zu den Themen Information Security und Information Management\/Compliance\/Governance.<\/p>\n<p>Auftraggeber sind L\u00f6sungsanbieter und Anwender, die sich aus erster Hand und neutral \u00fcber ein von mir\/uns bearbeitetes Fachgebiet informieren wollen.Wir legen Wert darauf, die Dinge in einen erweiterten Kontext zu stellen, so z.B. die Auswirkungen einer neuen Technologie nicht nur auf die Compliance, sondern auch auf die Strategie aufzuzeigen. So wird z.B. Cloud Computing f\u00fcr die internen IT-Abteilungen die gr\u00f6sste Herausforderung der n\u00e4chsten Jahre, auch wenn die grundlegenden Antworten zur Governance von solchen Diensten noch lange nicht beantwortet sind.<\/p>\n<p>Vortragsthemen<\/p>\n<ul>\n<li>KI Compliance Risiko Management<\/li>\n<li><strong>Information Governance:<\/strong> Grundlagen, Bedeutung, Agenda<\/li>\n<li><strong>Datenschutz<\/strong>: Die 10 gr\u00f6ssten Fehlkonzepte der DSGVO &#8211; wie wird Datenschutz praktikabel?<\/li>\n<li><strong>Rechtsgrundlagen des Records Managements<\/strong> und Anforderungen an Unternehmen<\/li>\n<li><strong>Daten sind wie Wasser:<\/strong> Information Compliance &amp; Governance<\/li>\n<li><strong>Information Security:<\/strong> The biggest misconceptions in information security (in english)<\/li>\n<li><strong>Information Management Strategie f\u00fcr Banken:<\/strong> Vorstellung des gleichnamigen Leitfadens<\/li>\n<li><strong>Records Management:<\/strong> Rechtsgrundlagen und Handlungsbedarf (orientiert sich am Praxisleitfaden Records Management)<\/li>\n<li><strong>Wieso PKI und Digitale Signaturen lange leben werden: <\/strong>Trends, Markt, Chancen, Stolpersteine<\/li>\n<li><strong>IKS Konsolidierung:<\/strong> Wieso Kontrollsystem so ineffizient sind<\/li>\n<li><strong>Information Risk Management:<\/strong> Was wirklich funktioniert<\/li>\n<li><strong>Cloud Computing &amp; Social Media:<\/strong> Wieso sich die interne IT warm anziehen sollte<\/li>\n<li><strong>Archivierung von Webinhalten:<\/strong> Nutzen, Rechtsgrundlagen und L\u00f6sungsans\u00e4tz<\/li>\n<\/ul>\n<p>Sprachen: Deutsch oder Englisch.<\/p>\n<\/div>\n<\/div>\n<div class=\"cleared\"><\/div>\n","protected":false},"excerpt":{"rendered":"<p>Ich halte seit 30 Jahren Vortr\u00e4ge zu den Themen Information Security und Information Management\/Compliance\/Governance. Auftraggeber sind L\u00f6sungsanbieter und Anwender, die &hellip; <a href=\"https:\/\/wildhaber.com\/index.php\/services-2\/197-2\/\" class=\"more-link\"><span class=\"more-button\">Continue reading &gt;<span class=\"screen-reader-text\">Vortr\u00e4ge und Pr\u00e4sentationen<\/span><\/span><\/a><\/p>\n","protected":false},"author":1,"featured_media":1065,"parent":298,"menu_order":0,"comment_status":"closed","ping_status":"open","template":"","meta":{"footnotes":""},"class_list":["post-197","page","type-page","status-publish","has-post-thumbnail","hentry"],"_links":{"self":[{"href":"https:\/\/wildhaber.com\/index.php\/wp-json\/wp\/v2\/pages\/197","targetHints":{"allow":["GET"]}}],"collection":[{"href":"https:\/\/wildhaber.com\/index.php\/wp-json\/wp\/v2\/pages"}],"about":[{"href":"https:\/\/wildhaber.com\/index.php\/wp-json\/wp\/v2\/types\/page"}],"author":[{"embeddable":true,"href":"https:\/\/wildhaber.com\/index.php\/wp-json\/wp\/v2\/users\/1"}],"replies":[{"embeddable":true,"href":"https:\/\/wildhaber.com\/index.php\/wp-json\/wp\/v2\/comments?post=197"}],"version-history":[{"count":8,"href":"https:\/\/wildhaber.com\/index.php\/wp-json\/wp\/v2\/pages\/197\/revisions"}],"predecessor-version":[{"id":1489,"href":"https:\/\/wildhaber.com\/index.php\/wp-json\/wp\/v2\/pages\/197\/revisions\/1489"}],"up":[{"embeddable":true,"href":"https:\/\/wildhaber.com\/index.php\/wp-json\/wp\/v2\/pages\/298"}],"wp:featuredmedia":[{"embeddable":true,"href":"https:\/\/wildhaber.com\/index.php\/wp-json\/wp\/v2\/media\/1065"}],"wp:attachment":[{"href":"https:\/\/wildhaber.com\/index.php\/wp-json\/wp\/v2\/media?parent=197"}],"curies":[{"name":"wp","href":"https:\/\/api.w.org\/{rel}","templated":true}]}}