{"id":176,"date":"2015-04-05T14:41:48","date_gmt":"2015-04-05T13:41:48","guid":{"rendered":"https:\/\/wildhaber.com\/?page_id=176"},"modified":"2022-06-28T10:13:23","modified_gmt":"2022-06-28T09:13:23","slug":"sie-erhalten-ein-ergebnis","status":"publish","type":"page","link":"https:\/\/wildhaber.com\/index.php\/person\/sie-erhalten-ein-ergebnis\/","title":{"rendered":"Sie erhalten ein Ergebnis"},"content":{"rendered":"<p>Vielleicht haben Sie sich schon gewundert, wieso Sie auf dieser Site hin und wieder von einer eigent\u00fcmlichen Maske &#8222;angeglotzt&#8220; werden. Diese Maske ist eine Holzmaske und wurde durch mich geschnitzt. Ich kann also behaupten, ich w\u00fcsste einigermassen, wie man aus einem groben Klotz Holz etwas Anschauliches macht &#8211; ohne am Anfang genau zu wissen, wie das Ergebnis ausschauen wird und wie lange es dauert. Eine typische Ausgangssituation, die sich mit 95% aller IT-Projekte deckt (sic!).<\/p>\n<p><a href=\"https:\/\/wildhaber.com\/wp-content\/uploads\/2018\/11\/Marty2.jpg\"><img loading=\"lazy\" decoding=\"async\" class=\"alignnone size-medium wp-image-756\" src=\"https:\/\/wildhaber.com\/wp-content\/uploads\/2018\/11\/Marty2-225x300.jpg\" alt=\"\" width=\"225\" height=\"300\" srcset=\"https:\/\/wildhaber.com\/wp-content\/uploads\/2018\/11\/Marty2-225x300.jpg 225w, https:\/\/wildhaber.com\/wp-content\/uploads\/2018\/11\/Marty2.jpg 600w\" sizes=\"auto, (max-width: 225px) 100vw, 225px\" \/><\/a><\/p>\n<table border=\"0\" cellspacing=\"3\" cellpadding=\"3\" align=\"left\">\n<tbody>\n<tr>\n<td><\/td>\n<td>Nun, das Maskenschnitzen ist also ein altes Handwerk, welches sehr viel mit der Durchf\u00fchrung eines Projektes zu tun hat. Beginnen wir beim Holz. Nicht jedes Holz eignet sich zum Schnitzen, nicht jede Linde (das bevorzugte Schnitzholz) ist geeignet. Schon das Rohmaterial und der Schnitzer selbst haben einen Einfluss auf das Endresultat. In IT-Projekten sind das v.a. die Mitarbeitenden und nat\u00fcrlich der Projektleiter. Zudem ist es von Vorteil, wenn man \u00fcber einen Satz scharfer Schnitzmesser verf\u00fcgt. Hier sei angemerkt, dass unsere Vorfahren mit dem Taschenmesser schnitzten!<\/td>\n<\/tr>\n<tr>\n<td><\/td>\n<td>Als Maskenschnitzer ben\u00f6tigen Sie einerseits eine gute Vorgehensmethode und ab und zu einen Coach,der Ihnen den richtigen Schnitt zeigt, oder Zwischendrin den richtigen &#8222;L\u00e4tsch&#8220; zeigen kann. Also jemanden, der einerseite methodisch geschult ist, aber auch im Handwerk Bescheid weiss. &#8222;Professionelle&#8220; Projektleiter ohne Kenntnisse der Komplexit\u00e4t von RM Projekten sind zudem in der Regel von deren Vielschichtigkeit v\u00f6llig \u00fcberfordert. Sie ben\u00f6tigen demnach einen PL, der sowohl die Kernaufgaben des PL beherrscht, gleichzeitig aber auch ein interdisziplin\u00e4res Verst\u00e4ndnis f\u00fcr Kunst, Handwerk, Techniken und menschliche Verhaltensweisen mitbringt.<\/td>\n<\/tr>\n<tr>\n<td><\/td>\n<td>Eine Holzmaske zu schnitzen ist ein kreativer Prozess, ben\u00f6tigt aber auch einen Satz von Grundtechniken, die man beherrschen sollte, wenn man mit der Arbeit beginnt. Im Minimum sollte man eine Ahnung davon haben, wie man vorgeht. Je mehr Masken man geschnitzt hat, umso gr\u00f6sser wird die Kreativit\u00e4t, umso gr\u00f6sser die technischen F\u00e4higkeiten und die Flexibilit\u00e4t. Die Vorgehensmethode bleibt aber mehr oder weniger identisch.W\u00e4hrend zu Beginn das Ergebnis etwas Zuf\u00e4lliges hat, wird es Ihnen im Lauf der Zeit immer besser gelingen, Ergebnisse auf Grund von Vorstellungen und\/oder Vorlagen zu erhalten.<\/td>\n<\/tr>\n<tr>\n<td><\/td>\n<td>Wie immer ist das erste Projekt vielleicht f\u00fcr den Anf\u00e4nger subjektiv am Schwierigsten, h\u00f6rt er aber auf seine Instruktoren, wird das Ganze gut herauskommen. Gef\u00e4hrlich wird es erst dann, wenn man das Gef\u00fchl hat, man \u00a0h\u00e4tte jetzt &#8222;alles im Griff&#8220;. Nat\u00fcrlich, die Grundtechniken sind beherrschbar, doch das Gef\u00fchl f\u00fcr die Tiefe oder f\u00fcr den Ausdruck entwickelt sich erst mit der Zeit.Trotzdem, mit der richtigen Vorgehensweise werden auch Sie in der Lage sein, ein gutes Schlussresultat zu erzielen.<\/td>\n<\/tr>\n<tr>\n<td><\/td>\n<td>Mit Governance Vorhaben verh\u00e4lt es sich \u00e4hnlich, Sie arbeiten sich durch verschiedene Entwicklungsstufen mit dem Ziel, dass sie alle Ergebnisse nutzen k\u00f6nnen. In der Regel ist es nicht klar, wie das Endergebnis aussehen wird. \u00a0Es gibt Situationen, in welchen man schlicht nicht mehr weiter weiss. Zugegeben, meist ist das Maskenschnitzen ein k\u00fcrzerer Prozess und das Resultat wesentlich besser zu verkaufen, trotzdem sollte man auch in RM\/IM Programmen die Teilaktivit\u00e4ten mit vorzeigbaren Ergebnissen versehen.<\/td>\n<\/tr>\n<tr>\n<td><\/td>\n<td>Manchmal muss man Sie aktiv unterst\u00fctzen, d.h. den richtigen Schnitt ansetzen oder die richtige Linie ziehen, dann k\u00f6nnen Sie autonom weiterarbeiten. Als guter Coach ist man auf das gemeinsame Ergebnis stolz. Nat\u00fcrlich ist nicht jeder Schnitzer gleich talentiert, doch schaffen es alle, ein &#8222;tragbares&#8220; Ergebnis zu erzielen.\u00a0 Aus 2,4kg Holz werden 250g Maske!Also, lassen Sie die Sp\u00e4ne fliegen!PS: Wenn Sie wissen wollen, wie die Vorlage zur Maske ausgesehen hat, m\u00fcssen Sie mich kontaktieren. Ich sende Ihnen gerne ein Foto.<\/p>\n<p>M\u00f6chten Sie mehr \u00fcber das Schnitzen erfahren? Senden Sie mir eine Mail und\/oder besuchen Sie das\u00a0<a class=\"hover\" title=\"Maskenmuseum\" href=\"http:\/\/www.heidiland.com\/de\/page.cfm\/hauptnavigation\/kultur-sehenswertes\/museen-baukultur\/75011\" target=\"_blank\" rel=\"noopener\">Maskenmuseum in Flums<\/a>\u00a0oder besuchen Sie die Homepage der <a title=\"Schnitzerfreunde Flums\" href=\"http:\/\/www.schnitzerfreunde-flums.ch\/\" target=\"_blank\" rel=\"noopener\">Schnitzerfreunde Flums<\/a>.<\/p>\n<p>Ach ja, das Original: <a href=\"https:\/\/en.wikipedia.org\/wiki\/Marty_Feldman\" target=\"_blank\" rel=\"noopener\">Marty Feldman<\/a>, unsterblich u.a. aus &#8222;<a href=\"https:\/\/en.wikipedia.org\/wiki\/Young_Frankenstein\" target=\"_blank\" rel=\"noopener\">Young Frankenstein<\/a>&#8222;<\/td>\n<\/tr>\n<tr>\n<td><\/td>\n<td><\/td>\n<\/tr>\n<\/tbody>\n<\/table>\n","protected":false},"excerpt":{"rendered":"<p>Vielleicht haben Sie sich schon gewundert, wieso Sie auf dieser Site hin und wieder von einer eigent\u00fcmlichen Maske &#8222;angeglotzt&#8220; werden. &hellip; <a href=\"https:\/\/wildhaber.com\/index.php\/person\/sie-erhalten-ein-ergebnis\/\" class=\"more-link\"><span class=\"more-button\">Continue reading &gt;<span class=\"screen-reader-text\">Sie erhalten ein Ergebnis<\/span><\/span><\/a><\/p>\n","protected":false},"author":1,"featured_media":0,"parent":13,"menu_order":0,"comment_status":"open","ping_status":"open","template":"","meta":{"footnotes":""},"class_list":["post-176","page","type-page","status-publish","hentry"],"_links":{"self":[{"href":"https:\/\/wildhaber.com\/index.php\/wp-json\/wp\/v2\/pages\/176","targetHints":{"allow":["GET"]}}],"collection":[{"href":"https:\/\/wildhaber.com\/index.php\/wp-json\/wp\/v2\/pages"}],"about":[{"href":"https:\/\/wildhaber.com\/index.php\/wp-json\/wp\/v2\/types\/page"}],"author":[{"embeddable":true,"href":"https:\/\/wildhaber.com\/index.php\/wp-json\/wp\/v2\/users\/1"}],"replies":[{"embeddable":true,"href":"https:\/\/wildhaber.com\/index.php\/wp-json\/wp\/v2\/comments?post=176"}],"version-history":[{"count":7,"href":"https:\/\/wildhaber.com\/index.php\/wp-json\/wp\/v2\/pages\/176\/revisions"}],"predecessor-version":[{"id":1204,"href":"https:\/\/wildhaber.com\/index.php\/wp-json\/wp\/v2\/pages\/176\/revisions\/1204"}],"up":[{"embeddable":true,"href":"https:\/\/wildhaber.com\/index.php\/wp-json\/wp\/v2\/pages\/13"}],"wp:attachment":[{"href":"https:\/\/wildhaber.com\/index.php\/wp-json\/wp\/v2\/media?parent=176"}],"curies":[{"name":"wp","href":"https:\/\/api.w.org\/{rel}","templated":true}]}}