{"id":150,"date":"2015-04-01T09:42:40","date_gmt":"2015-04-01T08:42:40","guid":{"rendered":"https:\/\/wildhaber.com\/?page_id=150"},"modified":"2020-10-21T07:39:37","modified_gmt":"2020-10-21T06:39:37","slug":"audits-und-gutachten","status":"publish","type":"page","link":"https:\/\/wildhaber.com\/index.php\/services-2\/audits-und-gutachten\/","title":{"rendered":"Audits und Gutachten"},"content":{"rendered":"<p>Technologie-Compliance bedeutet, dass eine geplante L\u00f6sung die rechtlichen Vorgaben (z.B. Datenschutz, Archivierungsvorschriften) ausreichend ber\u00fccksichtigt. Doch wer im Unternehmen hat das Wissen, Recht, Technologie und Managament-Wissen kombinieren zu k\u00f6nnen? Bei solch komplexen Herausforderungen unterst\u00fctze ich und liefere die notwendigen Grundlagen.<\/p>\n<p>Sie ben\u00f6tigen eine neutrale Meinung oder einen Expertenbericht zur Rechtskonformit\u00e4t? Kunden oder Lieferanten fordern von Ihnen eine Aussage zur Technologie-Compliance oder zur Rechtskonformit\u00e4t bestimmter Technologien? Dies sind meine Dienstleistungen:<\/p>\n<ul>\n<li>Gutachten: Entspricht die von Ihnen evaluierte oder angebotene L\u00f6sung den rechtlichen Vorschriften? Ich erstelle Gutachten mit Gap-Analyse und Massnahmenkatalog.<\/li>\n<li>IT-Audits: Durchf\u00fchrung von IT-Audits mit Berichterstattung an den VR oder Auftraggeber. Ich arbeite nach anerkannten Massst\u00e4ben und entsprechend den Vorgaben der ISACA bzw. der CH-Treuhandkammer.<\/li>\n<li>Schulung und Information der Projektteilnehmer; Sensibilisierung f\u00fcr interdisziplin\u00e4re Fragen<\/li>\n<\/ul>\n<p>Bei internationalen Sachverhalten bringe ich entweder die Erfahrung selbst mit oder kann auf ein Netzwerk erfahrener Kollegen zur\u00fcckgreifen (z.B. bei der Beurteilung internationaler Sourcing- oder Archivierungsstrategien)<\/p>\n","protected":false},"excerpt":{"rendered":"<p>Technologie-Compliance bedeutet, dass eine geplante L\u00f6sung die rechtlichen Vorgaben (z.B. Datenschutz, Archivierungsvorschriften) ausreichend ber\u00fccksichtigt. Doch wer im Unternehmen hat das &hellip; <a href=\"https:\/\/wildhaber.com\/index.php\/services-2\/audits-und-gutachten\/\" class=\"more-link\"><span class=\"more-button\">Continue reading &gt;<span class=\"screen-reader-text\">Audits und Gutachten<\/span><\/span><\/a><\/p>\n","protected":false},"author":1,"featured_media":240,"parent":298,"menu_order":1,"comment_status":"closed","ping_status":"closed","template":"","meta":{"footnotes":""},"class_list":["post-150","page","type-page","status-publish","has-post-thumbnail","hentry"],"_links":{"self":[{"href":"https:\/\/wildhaber.com\/index.php\/wp-json\/wp\/v2\/pages\/150","targetHints":{"allow":["GET"]}}],"collection":[{"href":"https:\/\/wildhaber.com\/index.php\/wp-json\/wp\/v2\/pages"}],"about":[{"href":"https:\/\/wildhaber.com\/index.php\/wp-json\/wp\/v2\/types\/page"}],"author":[{"embeddable":true,"href":"https:\/\/wildhaber.com\/index.php\/wp-json\/wp\/v2\/users\/1"}],"replies":[{"embeddable":true,"href":"https:\/\/wildhaber.com\/index.php\/wp-json\/wp\/v2\/comments?post=150"}],"version-history":[{"count":9,"href":"https:\/\/wildhaber.com\/index.php\/wp-json\/wp\/v2\/pages\/150\/revisions"}],"predecessor-version":[{"id":949,"href":"https:\/\/wildhaber.com\/index.php\/wp-json\/wp\/v2\/pages\/150\/revisions\/949"}],"up":[{"embeddable":true,"href":"https:\/\/wildhaber.com\/index.php\/wp-json\/wp\/v2\/pages\/298"}],"wp:featuredmedia":[{"embeddable":true,"href":"https:\/\/wildhaber.com\/index.php\/wp-json\/wp\/v2\/media\/240"}],"wp:attachment":[{"href":"https:\/\/wildhaber.com\/index.php\/wp-json\/wp\/v2\/media?parent=150"}],"curies":[{"name":"wp","href":"https:\/\/api.w.org\/{rel}","templated":true}]}}