{"id":1304,"date":"2022-11-07T11:05:47","date_gmt":"2022-11-07T10:05:47","guid":{"rendered":"https:\/\/wildhaber.com\/?page_id=1304"},"modified":"2023-01-20T12:24:45","modified_gmt":"2023-01-20T11:24:45","slug":"video-podcasts","status":"publish","type":"page","link":"https:\/\/wildhaber.com\/index.php\/video-podcasts\/","title":{"rendered":"Marty&#8217;s Video Podcasts"},"content":{"rendered":"<h1>Hier finden Sie<a href=\"https:\/\/wildhaber.com\/wp-content\/uploads\/2022\/12\/Marty2_22_Trans.png\"><img loading=\"lazy\" decoding=\"async\" class=\" wp-image-1318 alignleft\" src=\"https:\/\/wildhaber.com\/wp-content\/uploads\/2022\/12\/Marty2_22_Trans-225x300.png\" alt=\"\" width=\"123\" height=\"164\" srcset=\"https:\/\/wildhaber.com\/wp-content\/uploads\/2022\/12\/Marty2_22_Trans-225x300.png 225w, https:\/\/wildhaber.com\/wp-content\/uploads\/2022\/12\/Marty2_22_Trans.png 480w\" sizes=\"auto, (max-width: 123px) 100vw, 123px\" \/><\/a> die Information Security Video Podcasts von Marty und Bruno Wildhaber<\/h1>\n<p>&nbsp;<\/p>\n<p>&nbsp;<\/p>\n<p>&nbsp;<\/p>\n<h2>Zur Vernehmlassung zum eID Gesetz (Nov. 22);<\/h2>\n<div class=\"kad-youtube-shortcode videofit\"  ><iframe loading=\"lazy\" width=\"1200\" height=\"400\" src=\"\/\/www.youtube.com\/embed\/8ibqxJXi93A?autoplay=0&amp;controls=1&amp;fs=1&amp;modestbranding=0&amp;theme=dark&amp;rel=0&amp;loop=0\" frameborder=\"0\" allowfullscreen=\"true\"><\/iframe><\/div>\n<p><a href=\"https:\/\/wildhaber.com\/index.php\/eid-vernehmlassung-von-wildhaber-consulting\/\" target=\"_blank\" rel=\"noopener\">Link<\/a> zum Artikel<\/p>\n<h2>Digitale Souver\u00e4nit\u00e4t ODER wieso auch dem Herzchirurgen der Ersatz durch Roboter droht; Teil 1: Definition und Dystopie<\/h2>\n<div class=\"kad-youtube-shortcode videofit\"  ><iframe loading=\"lazy\" width=\"1200\" height=\"400\" src=\"\/\/www.youtube.com\/embed\/U3cIOg-NOwI?autoplay=0&amp;controls=1&amp;fs=1&amp;modestbranding=0&amp;theme=dark&amp;rel=0&amp;loop=0\" frameborder=\"0\" allowfullscreen=\"true\"><\/iframe><\/div>\n<h2>Teil2 : Welche Gr\u00fcnde haben zum Verlust der Digitalen Souver\u00e4nit\u00e4t gef\u00fchrt? Welche Rolle spielen Sirenen-Server und wieso ist das r\u00f6mische Recht 2023 nicht mehr zeitgem\u00e4ss?<\/h2>\n<div class=\"kad-youtube-shortcode videofit\"  ><iframe loading=\"lazy\" width=\"1200\" height=\"400\" src=\"\/\/www.youtube.com\/embed\/brGUGsB0CZY?autoplay=0&amp;controls=1&amp;fs=1&amp;modestbranding=0&amp;theme=dark&amp;rel=0&amp;loop=0\" frameborder=\"0\" allowfullscreen=\"true\"><\/iframe><\/div>\n","protected":false},"excerpt":{"rendered":"<p>Hier finden Sie die Information Security Video Podcasts von Marty und Bruno Wildhaber &nbsp; &nbsp; &nbsp; Zur Vernehmlassung zum eID &hellip; <a href=\"https:\/\/wildhaber.com\/index.php\/video-podcasts\/\" class=\"more-link\"><span class=\"more-button\">Continue reading &gt;<span class=\"screen-reader-text\">Marty&#8217;s Video Podcasts<\/span><\/span><\/a><\/p>\n","protected":false},"author":1,"featured_media":0,"parent":0,"menu_order":0,"comment_status":"closed","ping_status":"closed","template":"","meta":{"footnotes":""},"class_list":["post-1304","page","type-page","status-publish","hentry"],"_links":{"self":[{"href":"https:\/\/wildhaber.com\/index.php\/wp-json\/wp\/v2\/pages\/1304","targetHints":{"allow":["GET"]}}],"collection":[{"href":"https:\/\/wildhaber.com\/index.php\/wp-json\/wp\/v2\/pages"}],"about":[{"href":"https:\/\/wildhaber.com\/index.php\/wp-json\/wp\/v2\/types\/page"}],"author":[{"embeddable":true,"href":"https:\/\/wildhaber.com\/index.php\/wp-json\/wp\/v2\/users\/1"}],"replies":[{"embeddable":true,"href":"https:\/\/wildhaber.com\/index.php\/wp-json\/wp\/v2\/comments?post=1304"}],"version-history":[{"count":17,"href":"https:\/\/wildhaber.com\/index.php\/wp-json\/wp\/v2\/pages\/1304\/revisions"}],"predecessor-version":[{"id":1343,"href":"https:\/\/wildhaber.com\/index.php\/wp-json\/wp\/v2\/pages\/1304\/revisions\/1343"}],"wp:attachment":[{"href":"https:\/\/wildhaber.com\/index.php\/wp-json\/wp\/v2\/media?parent=1304"}],"curies":[{"name":"wp","href":"https:\/\/api.w.org\/{rel}","templated":true}]}}